{"id":754,"date":"2024-05-21T19:28:37","date_gmt":"2024-05-21T19:28:37","guid":{"rendered":"https:\/\/corioncars.com\/?page_id=754"},"modified":"2024-05-21T20:15:40","modified_gmt":"2024-05-21T20:15:40","slug":"politica-de-cookies","status":"publish","type":"page","link":"https:\/\/corioncars.com\/index.php\/politica-de-cookies\/","title":{"rendered":"Pol\u00edtica de Privacidad"},"content":{"rendered":"\t\t<div data-elementor-type=\"wp-page\" data-elementor-id=\"754\" class=\"elementor elementor-754\">\n\t\t\t\t\t\t<section class=\"elementor-section elementor-top-section elementor-element elementor-element-665c722 elementor-section-height-min-height elementor-section-boxed elementor-section-height-default elementor-section-items-middle\" data-id=\"665c722\" data-element_type=\"section\" data-settings=\"{&quot;background_background&quot;:&quot;classic&quot;}\">\n\t\t\t\t\t\t<div class=\"elementor-container elementor-column-gap-default\">\n\t\t\t\t\t<div class=\"elementor-column elementor-col-100 elementor-top-column elementor-element elementor-element-f70d85f\" data-id=\"f70d85f\" data-element_type=\"column\">\n\t\t\t<div class=\"elementor-widget-wrap elementor-element-populated\">\n\t\t\t\t\t\t<div class=\"elementor-element elementor-element-e3888fa elementor-widget elementor-widget-spacer\" data-id=\"e3888fa\" data-element_type=\"widget\" data-widget_type=\"spacer.default\">\n\t\t\t\t<div class=\"elementor-widget-container\">\n\t\t\t<style>\/*! elementor - v3.22.0 - 26-06-2024 *\/\n.elementor-column .elementor-spacer-inner{height:var(--spacer-size)}.e-con{--container-widget-width:100%}.e-con-inner>.elementor-widget-spacer,.e-con>.elementor-widget-spacer{width:var(--container-widget-width,var(--spacer-size));--align-self:var(--container-widget-align-self,initial);--flex-shrink:0}.e-con-inner>.elementor-widget-spacer>.elementor-widget-container,.e-con>.elementor-widget-spacer>.elementor-widget-container{height:100%;width:100%}.e-con-inner>.elementor-widget-spacer>.elementor-widget-container>.elementor-spacer,.e-con>.elementor-widget-spacer>.elementor-widget-container>.elementor-spacer{height:100%}.e-con-inner>.elementor-widget-spacer>.elementor-widget-container>.elementor-spacer>.elementor-spacer-inner,.e-con>.elementor-widget-spacer>.elementor-widget-container>.elementor-spacer>.elementor-spacer-inner{height:var(--container-widget-height,var(--spacer-size))}.e-con-inner>.elementor-widget-spacer.elementor-widget-empty,.e-con>.elementor-widget-spacer.elementor-widget-empty{position:relative;min-height:22px;min-width:22px}.e-con-inner>.elementor-widget-spacer.elementor-widget-empty .elementor-widget-empty-icon,.e-con>.elementor-widget-spacer.elementor-widget-empty .elementor-widget-empty-icon{position:absolute;top:0;bottom:0;left:0;right:0;margin:auto;padding:0;width:22px;height:22px}<\/style>\t\t<div class=\"elementor-spacer\">\n\t\t\t<div class=\"elementor-spacer-inner\"><\/div>\n\t\t<\/div>\n\t\t\t\t<\/div>\n\t\t\t\t<\/div>\n\t\t\t\t\t<\/div>\n\t\t<\/div>\n\t\t\t\t\t<\/div>\n\t\t<\/section>\n\t\t\t\t<section class=\"elementor-section elementor-top-section elementor-element elementor-element-d51ffc1 elementor-section-height-min-height elementor-section-stretched elementor-section-boxed elementor-section-height-default elementor-section-items-middle\" data-id=\"d51ffc1\" data-element_type=\"section\" data-settings=\"{&quot;stretch_section&quot;:&quot;section-stretched&quot;,&quot;background_background&quot;:&quot;gradient&quot;}\">\n\t\t\t\t\t\t\t<div class=\"elementor-background-overlay\"><\/div>\n\t\t\t\t\t\t\t<div class=\"elementor-container elementor-column-gap-default\">\n\t\t\t\t\t<div class=\"elementor-column elementor-col-100 elementor-top-column elementor-element elementor-element-1004086\" data-id=\"1004086\" data-element_type=\"column\">\n\t\t\t<div class=\"elementor-widget-wrap elementor-element-populated\">\n\t\t\t\t\t\t<div class=\"elementor-element elementor-element-57313b2 elementor-widget elementor-widget-heading\" data-id=\"57313b2\" data-element_type=\"widget\" data-widget_type=\"heading.default\">\n\t\t\t\t<div class=\"elementor-widget-container\">\n\t\t\t<style>\/*! elementor - v3.22.0 - 26-06-2024 *\/\n.elementor-heading-title{padding:0;margin:0;line-height:1}.elementor-widget-heading .elementor-heading-title[class*=elementor-size-]>a{color:inherit;font-size:inherit;line-height:inherit}.elementor-widget-heading .elementor-heading-title.elementor-size-small{font-size:15px}.elementor-widget-heading .elementor-heading-title.elementor-size-medium{font-size:19px}.elementor-widget-heading .elementor-heading-title.elementor-size-large{font-size:29px}.elementor-widget-heading .elementor-heading-title.elementor-size-xl{font-size:39px}.elementor-widget-heading .elementor-heading-title.elementor-size-xxl{font-size:59px}<\/style><h3 class=\"elementor-heading-title elementor-size-default\">POL\u00cdTICA DE PRIVACIDAD<\/h3>\t\t<\/div>\n\t\t\t\t<\/div>\n\t\t\t\t\t<\/div>\n\t\t<\/div>\n\t\t\t\t\t<\/div>\n\t\t<\/section>\n\t\t\t\t<section class=\"elementor-section elementor-top-section elementor-element elementor-element-c50b35b elementor-section-height-min-height elementor-section-boxed elementor-section-height-default elementor-section-items-middle\" data-id=\"c50b35b\" data-element_type=\"section\" data-settings=\"{&quot;background_background&quot;:&quot;classic&quot;}\">\n\t\t\t\t\t\t<div class=\"elementor-container elementor-column-gap-default\">\n\t\t\t\t\t<div class=\"elementor-column elementor-col-100 elementor-top-column elementor-element elementor-element-b48d629\" data-id=\"b48d629\" data-element_type=\"column\">\n\t\t\t<div class=\"elementor-widget-wrap elementor-element-populated\">\n\t\t\t\t\t\t<div class=\"elementor-element elementor-element-7c18292 elementor-widget elementor-widget-text-editor\" data-id=\"7c18292\" data-element_type=\"widget\" data-widget_type=\"text-editor.default\">\n\t\t\t\t<div class=\"elementor-widget-container\">\n\t\t\t<style>\/*! elementor - v3.22.0 - 26-06-2024 *\/\n.elementor-widget-text-editor.elementor-drop-cap-view-stacked .elementor-drop-cap{background-color:#69727d;color:#fff}.elementor-widget-text-editor.elementor-drop-cap-view-framed .elementor-drop-cap{color:#69727d;border:3px solid;background-color:transparent}.elementor-widget-text-editor:not(.elementor-drop-cap-view-default) .elementor-drop-cap{margin-top:8px}.elementor-widget-text-editor:not(.elementor-drop-cap-view-default) .elementor-drop-cap-letter{width:1em;height:1em}.elementor-widget-text-editor .elementor-drop-cap{float:left;text-align:center;line-height:1;font-size:50px}.elementor-widget-text-editor .elementor-drop-cap-letter{display:inline-block}<\/style>\t\t\t\t<p><span style=\"color: #ffffff;\">En CORIONCARS, estamos comprometidos a proteger y respetar tu privacidad. Esta pol\u00edtica explica c\u00f3mo recopilamos, usamos y protegemos la informaci\u00f3n personal que nos proporcionas.<\/span><\/p><p><span style=\"color: #ffffff;\">Informaci\u00f3n que recopilamos<\/span><br \/><span style=\"color: #ffffff;\">Podemos recopilar y procesar los siguientes datos personales:<\/span><\/p><p><span style=\"color: #ffffff;\">Informaci\u00f3n que proporcionas al rellenar formularios en nuestro sitio web, como nombre, direcci\u00f3n de correo electr\u00f3nico y n\u00famero de tel\u00e9fono.<\/span><br \/><span style=\"color: #ffffff;\">Detalles de las transacciones que realizas a trav\u00e9s de nuestro sitio y del cumplimiento de tus pedidos.<\/span><br \/><span style=\"color: #ffffff;\">Informaci\u00f3n que proporcionas cuando te comunicas con nosotros para cualquier consulta o asistencia.<\/span><br \/><span style=\"color: #ffffff;\">Uso de la informaci\u00f3n<\/span><br \/><span style=\"color: #ffffff;\">Utilizamos la informaci\u00f3n que recopilamos para los siguientes fines:<\/span><\/p><p><span style=\"color: #ffffff;\">Proporcionarte la informaci\u00f3n, productos y servicios que nos solicitas.<\/span><br \/><span style=\"color: #ffffff;\">Cumplir con nuestras obligaciones derivadas de los contratos celebrados entre t\u00fa y nosotros.<\/span><br \/><span style=\"color: #ffffff;\">Notificarte sobre cambios en nuestro servicio.<\/span><br \/><span style=\"color: #ffffff;\">Asegurarnos de que el contenido de nuestro sitio se presenta de la manera m\u00e1s efectiva para ti y tu dispositivo.<\/span><br \/><span style=\"color: #ffffff;\">Protecci\u00f3n de la informaci\u00f3n<\/span><br \/><span style=\"color: #ffffff;\">Implementamos medidas de seguridad adecuadas para proteger tus datos personales contra el acceso no autorizado, la alteraci\u00f3n, divulgaci\u00f3n o destrucci\u00f3n. Sin embargo, la transmisi\u00f3n de informaci\u00f3n a trav\u00e9s de Internet no es completamente segura y no podemos garantizar la seguridad absoluta de los datos transmitidos a nuestro sitio.<\/span><\/p><p><span style=\"color: #ffffff;\">Tus derechos<\/span><br \/><span style=\"color: #ffffff;\">Tienes derecho a acceder, rectificar o eliminar tus datos personales en cualquier momento. Tambi\u00e9n puedes oponerte al procesamiento de tus datos personales, solicitar la limitaci\u00f3n de su tratamiento o solicitar la portabilidad de los datos.<\/span><\/p><p><span style=\"color: #ffffff;\">Consentimiento para la Recopilaci\u00f3n de Datos Personales<\/span><br \/><span style=\"color: #ffffff;\">Consentimiento para la Recopilaci\u00f3n de Datos Personales<\/span><\/p><p><span style=\"color: #ffffff;\">Al enviar tu informaci\u00f3n personal a trav\u00e9s de los formularios de contacto y solicitudes en nuestro sitio web CORIONCARS, consientes que recopilemos, almacenemos y usemos tus datos personales de acuerdo con nuestra Pol\u00edtica de Privacidad. Estos datos ser\u00e1n utilizados \u00fanicamente con el fin de proporcionarte el servicio solicitado y para comunicarte informaci\u00f3n relacionada con tu consulta o transacci\u00f3n.<\/span><\/p><p><span style=\"color: #ffffff;\">Puedes retirar tu consentimiento en cualquier momento comunic\u00e1ndote con nosotros a trav\u00e9s de los medios especificados en nuestra Pol\u00edtica de Privacidad<\/span><\/p>\t\t\t\t\t\t<\/div>\n\t\t\t\t<\/div>\n\t\t\t\t\t<\/div>\n\t\t<\/div>\n\t\t\t\t\t<\/div>\n\t\t<\/section>\n\t\t\t\t<section class=\"elementor-section elementor-top-section elementor-element elementor-element-e764f9f elementor-section-boxed elementor-section-height-default elementor-section-height-default\" data-id=\"e764f9f\" data-element_type=\"section\" data-settings=\"{&quot;background_background&quot;:&quot;classic&quot;}\">\n\t\t\t\t\t\t<div class=\"elementor-container elementor-column-gap-default\">\n\t\t\t\t\t<div class=\"elementor-column elementor-col-100 elementor-top-column elementor-element elementor-element-b8501a8\" data-id=\"b8501a8\" data-element_type=\"column\">\n\t\t\t<div class=\"elementor-widget-wrap\">\n\t\t\t\t\t\t\t<\/div>\n\t\t<\/div>\n\t\t\t\t\t<\/div>\n\t\t<\/section>\n\t\t\t\t<\/div>\n\t\t","protected":false},"excerpt":{"rendered":"<p>POL\u00cdTICA DE PRIVACIDAD En CORIONCARS, estamos comprometidos a proteger y respetar tu privacidad. Esta pol\u00edtica explica c\u00f3mo recopilamos, usamos y protegemos la informaci\u00f3n personal que nos proporcionas. Informaci\u00f3n que recopilamos Podemos recopilar y procesar los siguientes datos personales: Informaci\u00f3n que proporcionas al rellenar formularios en nuestro sitio web, como nombre, direcci\u00f3n de correo electr\u00f3nico y &hellip;<\/p>\n<p class=\"read-more\"> <a class=\"\" href=\"https:\/\/corioncars.com\/index.php\/politica-de-cookies\/\"> <span class=\"screen-reader-text\">Pol\u00edtica de Privacidad<\/span> Leer m\u00e1s &raquo;<\/a><\/p>\n","protected":false},"author":1,"featured_media":0,"parent":0,"menu_order":0,"comment_status":"closed","ping_status":"closed","template":"","meta":{"site-sidebar-layout":"no-sidebar","site-content-layout":"page-builder","ast-global-header-display":"","ast-banner-title-visibility":"","ast-main-header-display":"","ast-hfb-above-header-display":"","ast-hfb-below-header-display":"","ast-hfb-mobile-header-display":"","site-post-title":"disabled","ast-breadcrumbs-content":"","ast-featured-img":"disabled","footer-sml-layout":"","theme-transparent-header-meta":"","adv-header-id-meta":"","stick-header-meta":"","header-above-stick-meta":"","header-main-stick-meta":"","header-below-stick-meta":"","footnotes":""},"aioseo_notices":[],"_links":{"self":[{"href":"https:\/\/corioncars.com\/index.php\/wp-json\/wp\/v2\/pages\/754"}],"collection":[{"href":"https:\/\/corioncars.com\/index.php\/wp-json\/wp\/v2\/pages"}],"about":[{"href":"https:\/\/corioncars.com\/index.php\/wp-json\/wp\/v2\/types\/page"}],"author":[{"embeddable":true,"href":"https:\/\/corioncars.com\/index.php\/wp-json\/wp\/v2\/users\/1"}],"replies":[{"embeddable":true,"href":"https:\/\/corioncars.com\/index.php\/wp-json\/wp\/v2\/comments?post=754"}],"version-history":[{"count":31,"href":"https:\/\/corioncars.com\/index.php\/wp-json\/wp\/v2\/pages\/754\/revisions"}],"predecessor-version":[{"id":793,"href":"https:\/\/corioncars.com\/index.php\/wp-json\/wp\/v2\/pages\/754\/revisions\/793"}],"wp:attachment":[{"href":"https:\/\/corioncars.com\/index.php\/wp-json\/wp\/v2\/media?parent=754"}],"curies":[{"name":"wp","href":"https:\/\/api.w.org\/{rel}","templated":true}]}}