{"id":591,"date":"2023-10-08T11:33:11","date_gmt":"2023-10-08T11:33:11","guid":{"rendered":"https:\/\/corioncars.com\/?page_id=591"},"modified":"2024-06-09T20:22:18","modified_gmt":"2024-06-09T20:22:18","slug":"elementor-591","status":"publish","type":"page","link":"https:\/\/corioncars.com\/index.php\/elementor-591\/","title":{"rendered":"Elementor #591"},"content":{"rendered":"\t\t<div data-elementor-type=\"wp-page\" data-elementor-id=\"591\" class=\"elementor elementor-591\">\n\t\t\t\t\t\t<section class=\"elementor-section elementor-top-section elementor-element elementor-element-140eaa73 elementor-section-boxed elementor-section-height-default elementor-section-height-default\" data-id=\"140eaa73\" data-element_type=\"section\">\n\t\t\t\t\t\t<div class=\"elementor-container elementor-column-gap-default\">\n\t\t\t\t\t<div class=\"elementor-column elementor-col-100 elementor-top-column elementor-element elementor-element-29badd43\" data-id=\"29badd43\" data-element_type=\"column\">\n\t\t\t<div class=\"elementor-widget-wrap elementor-element-populated\">\n\t\t\t\t\t\t<div class=\"elementor-element elementor-element-38ed5b9f elementor-widget elementor-widget-text-editor\" data-id=\"38ed5b9f\" data-element_type=\"widget\" data-widget_type=\"text-editor.default\">\n\t\t\t\t<div class=\"elementor-widget-container\">\n\t\t\t<style>\/*! elementor - v3.22.0 - 26-06-2024 *\/\n.elementor-widget-text-editor.elementor-drop-cap-view-stacked .elementor-drop-cap{background-color:#69727d;color:#fff}.elementor-widget-text-editor.elementor-drop-cap-view-framed .elementor-drop-cap{color:#69727d;border:3px solid;background-color:transparent}.elementor-widget-text-editor:not(.elementor-drop-cap-view-default) .elementor-drop-cap{margin-top:8px}.elementor-widget-text-editor:not(.elementor-drop-cap-view-default) .elementor-drop-cap-letter{width:1em;height:1em}.elementor-widget-text-editor .elementor-drop-cap{float:left;text-align:center;line-height:1;font-size:50px}.elementor-widget-text-editor .elementor-drop-cap-letter{display:inline-block}<\/style>\t\t\t\t<!-- wp:crowdsignal-forms\/poll {\"pollId\":\"3213d255-c08a-4f68-9d5a-9abb3758559b\",\"question\":\"\u00bfTe gustar\u00eda recibir el mejor asesoramiento para encontrar el coche que mejor se adapte a ti?\",\"note\":\"Comprar un coche es una de las mayores inversiones que se realizan a lo largo de la vida. Por lo que elegir el mejor coche seg\u00fan tus necesidades es imprescindible.\",\"answers\":[{\"text\":\"S\u00cd\",\"answerId\":\"83646121-8cd1-498f-a344-63ad08ab55ce\"},{\"text\":\"NO\",\"answerId\":\"1a211ede-8ddb-404b-ad45-2957af6ebfc2\"}],\"submitButtonBackgroundColor\":\"#ac162f\",\"textColor\":\"var(\\u002d\\u002dast-global-color-4)\",\"backgroundColor\":\"#ebc9a3\",\"hasOneResponsePerComputer\":true,\"className\":\"is-style-buttons\"} \/-->\n\n<!-- wp:crowdsignal-forms\/cs-embed \/-->\t\t\t\t\t\t<\/div>\n\t\t\t\t<\/div>\n\t\t\t\t\t<\/div>\n\t\t<\/div>\n\t\t\t\t\t<\/div>\n\t\t<\/section>\n\t\t\t\t<section class=\"elementor-section elementor-top-section elementor-element elementor-element-fdf9b7c elementor-section-boxed elementor-section-height-default elementor-section-height-default\" data-id=\"fdf9b7c\" data-element_type=\"section\">\n\t\t\t\t\t\t<div class=\"elementor-container elementor-column-gap-default\">\n\t\t\t\t\t<div class=\"elementor-column elementor-col-100 elementor-top-column elementor-element elementor-element-b6f3f37\" data-id=\"b6f3f37\" data-element_type=\"column\">\n\t\t\t<div class=\"elementor-widget-wrap\">\n\t\t\t\t\t\t\t<\/div>\n\t\t<\/div>\n\t\t\t\t\t<\/div>\n\t\t<\/section>\n\t\t\t\t<section class=\"elementor-section elementor-top-section elementor-element elementor-element-a905060 elementor-section-boxed elementor-section-height-default elementor-section-height-default\" data-id=\"a905060\" data-element_type=\"section\" data-settings=\"{&quot;background_background&quot;:&quot;classic&quot;}\">\n\t\t\t\t\t\t<div class=\"elementor-container elementor-column-gap-default\">\n\t\t\t\t\t<div class=\"elementor-column elementor-col-100 elementor-top-column elementor-element elementor-element-b9b1d35\" data-id=\"b9b1d35\" data-element_type=\"column\">\n\t\t\t<div class=\"elementor-widget-wrap elementor-element-populated\">\n\t\t\t\t\t\t<div class=\"elementor-element elementor-element-15235b6 elementor-widget elementor-widget-spacer\" data-id=\"15235b6\" data-element_type=\"widget\" data-widget_type=\"spacer.default\">\n\t\t\t\t<div class=\"elementor-widget-container\">\n\t\t\t<style>\/*! elementor - v3.22.0 - 26-06-2024 *\/\n.elementor-column .elementor-spacer-inner{height:var(--spacer-size)}.e-con{--container-widget-width:100%}.e-con-inner>.elementor-widget-spacer,.e-con>.elementor-widget-spacer{width:var(--container-widget-width,var(--spacer-size));--align-self:var(--container-widget-align-self,initial);--flex-shrink:0}.e-con-inner>.elementor-widget-spacer>.elementor-widget-container,.e-con>.elementor-widget-spacer>.elementor-widget-container{height:100%;width:100%}.e-con-inner>.elementor-widget-spacer>.elementor-widget-container>.elementor-spacer,.e-con>.elementor-widget-spacer>.elementor-widget-container>.elementor-spacer{height:100%}.e-con-inner>.elementor-widget-spacer>.elementor-widget-container>.elementor-spacer>.elementor-spacer-inner,.e-con>.elementor-widget-spacer>.elementor-widget-container>.elementor-spacer>.elementor-spacer-inner{height:var(--container-widget-height,var(--spacer-size))}.e-con-inner>.elementor-widget-spacer.elementor-widget-empty,.e-con>.elementor-widget-spacer.elementor-widget-empty{position:relative;min-height:22px;min-width:22px}.e-con-inner>.elementor-widget-spacer.elementor-widget-empty .elementor-widget-empty-icon,.e-con>.elementor-widget-spacer.elementor-widget-empty .elementor-widget-empty-icon{position:absolute;top:0;bottom:0;left:0;right:0;margin:auto;padding:0;width:22px;height:22px}<\/style>\t\t<div class=\"elementor-spacer\">\n\t\t\t<div class=\"elementor-spacer-inner\"><\/div>\n\t\t<\/div>\n\t\t\t\t<\/div>\n\t\t\t\t<\/div>\n\t\t\t\t\t<\/div>\n\t\t<\/div>\n\t\t\t\t\t<\/div>\n\t\t<\/section>\n\t\t\t\t<section class=\"elementor-section elementor-top-section elementor-element elementor-element-37b2b6a elementor-section-height-min-height elementor-section-boxed elementor-section-height-default elementor-section-items-middle\" data-id=\"37b2b6a\" data-element_type=\"section\" data-settings=\"{&quot;background_background&quot;:&quot;gradient&quot;}\">\n\t\t\t\t\t\t<div class=\"elementor-container elementor-column-gap-default\">\n\t\t\t\t\t<div class=\"elementor-column elementor-col-100 elementor-top-column elementor-element elementor-element-97ac2ee\" data-id=\"97ac2ee\" data-element_type=\"column\">\n\t\t\t<div class=\"elementor-widget-wrap elementor-element-populated\">\n\t\t\t\t\t\t<div class=\"elementor-element elementor-element-8524e5a elementor-widget elementor-widget-spacer\" data-id=\"8524e5a\" data-element_type=\"widget\" data-widget_type=\"spacer.default\">\n\t\t\t\t<div class=\"elementor-widget-container\">\n\t\t\t\t\t<div class=\"elementor-spacer\">\n\t\t\t<div class=\"elementor-spacer-inner\"><\/div>\n\t\t<\/div>\n\t\t\t\t<\/div>\n\t\t\t\t<\/div>\n\t\t\t\t<div class=\"elementor-element elementor-element-62cd768 elementor-widget__width-auto elementor-widget elementor-widget-shortcode\" data-id=\"62cd768\" data-element_type=\"widget\" data-widget_type=\"shortcode.default\">\n\t\t\t\t<div class=\"elementor-widget-container\">\n\t\t\t\t\t<div class=\"elementor-shortcode\"><div id=\"forminator-quiz-leads-603\" class=\"forminator-ui forminator-quiz-leads forminator-quiz--list\" data-design=\"default\" data-spacing=&quot;default&quot; data-alignment=&quot;center&quot;><div class=\"forminator-quiz-intro\">\n\t\t\t\t\t<h3 class=\"forminator-quiz--title\">\u00bfEste servicio es para ti?<\/h3>\n\t\t\n\t\t\n\t\t\t\t\t<div class=\"forminator-quiz--description\"><p>Con solo tres preguntas podremos averiguarlo<\/p><\/div>\n\t\t\n\t\t<button class=\"forminator-button forminator-quiz-start\" style=\"margin: 0 auto; display: block;\">Comienza<\/button><\/div><form\n\t\t\t\tid=\"forminator-module-603\"\n\t\t\t\tclass=\"forminator-ui forminator-quiz forminator-quiz-603 forminator-quiz--list forminator-design--default  \"\n\t\t\t\tmethod=\"post\"\n\t\t\t\tdata-forminator-render=\"0\"\n\t\t\t\tdata-form-id=\"603\"\n\t\t\t\tdata-quiz=\"nowrong\"\n\t\t\t\tdata-design=\"default\"\n\t\t\t\tdata-spacing=\"default\"\n\t\t\t\t\n\t\t\t\tdata-alignment=\"center\"\n\t\t\t\t\n\t\t\t\t\n\t\t\t\taria-live=\"polite\"\n\t\t\t\tstyle=\"display: none;\"\n\t\t\t\t\n\t\t\t\tdata-uid=\"69e3747ce5449\"\n\t\t\t><div role=\"tabpanel\" id=\"forminator-custom-form-603--page-0\" class=\"forminator-pagination forminator-hidden\" aria-labelledby=\"forminator-custom-form-603--page-0-label\" data-step=\"0\" data-label=\"P\u00e1gina 0\"><div class=\"forminator-pagination--content\">\n\t\t<div\n\t\t\ttabindex=\"0\"\n\t\t\trole=\"radiogroup\"\n\t\t\tid=\"question-8708-4686\"\n\t\t\tclass=\"forminator-question\"\n\t\t\tdata-question-type=\"personality\"\n\t\t\taria-labelledby=\"question-8708-4686-label\"\n\t\t\taria-describedby=\"question-8708-4686-description\"\n\t\t\taria-required=\"true\"\n\t\t>\n\n\t\t\t<span id=\"question-8708-4686-label\" class=\"forminator-legend\">\u00bfTe gustar\u00eda recibir el mejor asesoramiento para encontrar un coche que se adapte perfectamente a ti?<\/span><div class=\"forminator-question--description\"><p>Comprar un coche es una gran decisi\u00f3n y una de las mayores inversiones que har\u00e1s a lo largo de la vida; por lo que escoger un coche que se adapte a tus necesidades es imprescindible<\/p><\/div>\n\t\t\t\n\t\t\t\t\t<label for=\"question-8708-4686-0-69e3747ce6878\" class=\"forminator-answer forminator-only--text\">\n\n\t\t\t\t\t\t<input\n\t\t\t\t\t\t\ttype=\"radio\"\n\t\t\t\t\t\t\tname=\"answers[question-8708-4686]\"\n\t\t\t\t\t\t\tvalue=\"0\"\n\t\t\t\t\t\t\tid=\"question-8708-4686-0-69e3747ce6878\"\n\t\t\t\t\t\t\tclass=\"\"\n\t\t\t\t\t\t\/>\n\n\t\t\t\t\t\t<span class=\"forminator-answer--design\" for=\"question-8708-4686-0-69e3747ce6878\">\n\t\t\t\t\t\t\n\t\t\t\t\t\t<span class=\"forminator-answer--status\" aria-hidden=\"true\">\n\t\t\t\t\t\t\t<i class=\"forminator-icon-check\"><\/i>\n\t\t\t\t\t\t<\/span>\n\n\t\t\t\t\t\t\t\t\t\t\t\t\t<span class=\"forminator-answer--name\">S\u00ed<\/span>\n\t\t\t\t\t\t\n\t\t\t\t\t\t<\/span>\n\t\t\t\t\t<\/label>\n\n\t\t\t\t\t\n\t\t\t\t\t<label for=\"question-8708-4686-1-69e3747ce6878\" class=\"forminator-answer forminator-only--text\">\n\n\t\t\t\t\t\t<input\n\t\t\t\t\t\t\ttype=\"radio\"\n\t\t\t\t\t\t\tname=\"answers[question-8708-4686]\"\n\t\t\t\t\t\t\tvalue=\"1\"\n\t\t\t\t\t\t\tid=\"question-8708-4686-1-69e3747ce6878\"\n\t\t\t\t\t\t\tclass=\"\"\n\t\t\t\t\t\t\/>\n\n\t\t\t\t\t\t<span class=\"forminator-answer--design\" for=\"question-8708-4686-1-69e3747ce6878\">\n\t\t\t\t\t\t\n\t\t\t\t\t\t<span class=\"forminator-answer--status\" aria-hidden=\"true\">\n\t\t\t\t\t\t\t<i class=\"forminator-icon-check\"><\/i>\n\t\t\t\t\t\t<\/span>\n\n\t\t\t\t\t\t\t\t\t\t\t\t\t<span class=\"forminator-answer--name\">No<\/span>\n\t\t\t\t\t\t\n\t\t\t\t\t\t<\/span>\n\t\t\t\t\t<\/label>\n\n\t\t\t\t\t\n\t\t<\/div>\n\n\t\t<\/div><\/div><div role=\"tabpanel\" id=\"forminator-custom-form-603--page-1\" class=\"forminator-pagination forminator-hidden\" aria-labelledby=\"forminator-custom-form-603--page-1-label\" data-step=\"1\" data-label=\"P\u00e1gina 1\"><div class=\"forminator-pagination--content\">\n\t\t<div\n\t\t\ttabindex=\"0\"\n\t\t\trole=\"radiogroup\"\n\t\t\tid=\"question-7856-2537\"\n\t\t\tclass=\"forminator-question\"\n\t\t\tdata-question-type=\"personality\"\n\t\t\taria-labelledby=\"question-7856-2537-label\"\n\t\t\taria-describedby=\"question-7856-2537-description\"\n\t\t\taria-required=\"true\"\n\t\t>\n\n\t\t\t<span id=\"question-7856-2537-label\" class=\"forminator-legend\">\u00bfTe gustar\u00eda tener una idea m\u00e1s clara sobre qu\u00e9 marca, motor, propulsi\u00f3n, gama o equipamiento?<\/span>\n\t\t\t\n\t\t\t\t\t<label for=\"question-7856-2537-0-69e3747ce69d1\" class=\"forminator-answer forminator-only--text\">\n\n\t\t\t\t\t\t<input\n\t\t\t\t\t\t\ttype=\"radio\"\n\t\t\t\t\t\t\tname=\"answers[question-7856-2537]\"\n\t\t\t\t\t\t\tvalue=\"0\"\n\t\t\t\t\t\t\tid=\"question-7856-2537-0-69e3747ce69d1\"\n\t\t\t\t\t\t\tclass=\"\"\n\t\t\t\t\t\t\/>\n\n\t\t\t\t\t\t<span class=\"forminator-answer--design\" for=\"question-7856-2537-0-69e3747ce69d1\">\n\t\t\t\t\t\t\n\t\t\t\t\t\t<span class=\"forminator-answer--status\" aria-hidden=\"true\">\n\t\t\t\t\t\t\t<i class=\"forminator-icon-check\"><\/i>\n\t\t\t\t\t\t<\/span>\n\n\t\t\t\t\t\t\t\t\t\t\t\t\t<span class=\"forminator-answer--name\">S\u00ed<\/span>\n\t\t\t\t\t\t\n\t\t\t\t\t\t<\/span>\n\t\t\t\t\t<\/label>\n\n\t\t\t\t\t\n\t\t\t\t\t<label for=\"question-7856-2537-1-69e3747ce69d1\" class=\"forminator-answer forminator-only--text\">\n\n\t\t\t\t\t\t<input\n\t\t\t\t\t\t\ttype=\"radio\"\n\t\t\t\t\t\t\tname=\"answers[question-7856-2537]\"\n\t\t\t\t\t\t\tvalue=\"1\"\n\t\t\t\t\t\t\tid=\"question-7856-2537-1-69e3747ce69d1\"\n\t\t\t\t\t\t\tclass=\"\"\n\t\t\t\t\t\t\/>\n\n\t\t\t\t\t\t<span class=\"forminator-answer--design\" for=\"question-7856-2537-1-69e3747ce69d1\">\n\t\t\t\t\t\t\n\t\t\t\t\t\t<span class=\"forminator-answer--status\" aria-hidden=\"true\">\n\t\t\t\t\t\t\t<i class=\"forminator-icon-check\"><\/i>\n\t\t\t\t\t\t<\/span>\n\n\t\t\t\t\t\t\t\t\t\t\t\t\t<span class=\"forminator-answer--name\">No<\/span>\n\t\t\t\t\t\t\n\t\t\t\t\t\t<\/span>\n\t\t\t\t\t<\/label>\n\n\t\t\t\t\t\n\t\t<\/div>\n\n\t\t<\/div><\/div><div role=\"tabpanel\" id=\"forminator-custom-form-603--page-2\" class=\"forminator-pagination forminator-hidden\" aria-labelledby=\"forminator-custom-form-603--page-2-label\" data-step=\"2\" data-label=\"P\u00e1gina 2\"><div class=\"forminator-pagination--content\">\n\t\t<div\n\t\t\ttabindex=\"0\"\n\t\t\trole=\"radiogroup\"\n\t\t\tid=\"question-5452-7097\"\n\t\t\tclass=\"forminator-question\"\n\t\t\tdata-question-type=\"personality\"\n\t\t\taria-labelledby=\"question-5452-7097-label\"\n\t\t\taria-describedby=\"question-5452-7097-description\"\n\t\t\taria-required=\"true\"\n\t\t>\n\n\t\t\t<span id=\"question-5452-7097-label\" class=\"forminator-legend\">\u00bfEstar\u00edas dispuesto a invertir al menos 700 \u20ac en encontrar tu mejor coche?<\/span>\n\t\t\t\n\t\t\t\t\t<label for=\"question-5452-7097-0-69e3747ce6a4d\" class=\"forminator-answer forminator-only--text\">\n\n\t\t\t\t\t\t<input\n\t\t\t\t\t\t\ttype=\"radio\"\n\t\t\t\t\t\t\tname=\"answers[question-5452-7097]\"\n\t\t\t\t\t\t\tvalue=\"0\"\n\t\t\t\t\t\t\tid=\"question-5452-7097-0-69e3747ce6a4d\"\n\t\t\t\t\t\t\tclass=\"\"\n\t\t\t\t\t\t\/>\n\n\t\t\t\t\t\t<span class=\"forminator-answer--design\" for=\"question-5452-7097-0-69e3747ce6a4d\">\n\t\t\t\t\t\t\n\t\t\t\t\t\t<span class=\"forminator-answer--status\" aria-hidden=\"true\">\n\t\t\t\t\t\t\t<i class=\"forminator-icon-check\"><\/i>\n\t\t\t\t\t\t<\/span>\n\n\t\t\t\t\t\t\t\t\t\t\t\t\t<span class=\"forminator-answer--name\">S\u00ed<\/span>\n\t\t\t\t\t\t\n\t\t\t\t\t\t<\/span>\n\t\t\t\t\t<\/label>\n\n\t\t\t\t\t\n\t\t\t\t\t<label for=\"question-5452-7097-1-69e3747ce6a4d\" class=\"forminator-answer forminator-only--text\">\n\n\t\t\t\t\t\t<input\n\t\t\t\t\t\t\ttype=\"radio\"\n\t\t\t\t\t\t\tname=\"answers[question-5452-7097]\"\n\t\t\t\t\t\t\tvalue=\"1\"\n\t\t\t\t\t\t\tid=\"question-5452-7097-1-69e3747ce6a4d\"\n\t\t\t\t\t\t\tclass=\"\"\n\t\t\t\t\t\t\/>\n\n\t\t\t\t\t\t<span class=\"forminator-answer--design\" for=\"question-5452-7097-1-69e3747ce6a4d\">\n\t\t\t\t\t\t\n\t\t\t\t\t\t<span class=\"forminator-answer--status\" aria-hidden=\"true\">\n\t\t\t\t\t\t\t<i class=\"forminator-icon-check\"><\/i>\n\t\t\t\t\t\t<\/span>\n\n\t\t\t\t\t\t\t\t\t\t\t\t\t<span class=\"forminator-answer--name\">No<\/span>\n\t\t\t\t\t\t\n\t\t\t\t\t\t<\/span>\n\t\t\t\t\t<\/label>\n\n\t\t\t\t\t\n\t\t<\/div>\n\n\t\t<\/div><\/div><input type=\"hidden\" name=\"referer_url\" value=\"\" \/><div role=\"tabpanel\" id=\"forminator-custom-form-603--page-3\" class=\"forminator-pagination forminator-hidden\" aria-labelledby=\"forminator-custom-form-603--page-3-label\" data-step=\"3\" data-label=\"P\u00e1gina 3\"><div class=\"forminator-pagination--content\"><div class=\"forminator-quiz--result\"><button class=\"forminator-button forminator-button-submit  forminator-pagination-submit\" data-loading=\"Calculando el resultado\" >Enviar<\/button><\/div><\/div><\/div><input type=\"hidden\" id=\"forminator_nonce\" name=\"forminator_nonce\" value=\"056287c282\" \/><input type=\"hidden\" name=\"_wp_http_referer\" value=\"\/index.php\/wp-json\/wp\/v2\/pages\/591\" \/><input type=\"hidden\" name=\"has_lead\" value=\"1\"><input type=\"hidden\" name=\"form_id\" value=\"603\"><input type=\"hidden\" name=\"page_id\" value=\"591\"><input type=\"hidden\" name=\"current_url\" value=\"https:\/\/corioncars.com\/index.php\/elementor-591\/\"><input type=\"hidden\" name=\"entry_id\" value=\"\"><input type=\"hidden\" name=\"action\" value=\"forminator_submit_form_quizzes\" \/><\/form><div class=\"forminator-ui forminator-custom-form forminator-custom-form-602 forminator-design--default  forminator_ajax forminator-leads-form\" data-forminator-render=\"0\" data-form=\"forminator-module-602\" data-uid=\"69e3747ce6dc1\"><br\/><\/div><form\n\t\t\t\tid=\"forminator-module-602\"\n\t\t\t\tclass=\"forminator-ui forminator-custom-form forminator-custom-form-602 forminator-design--default  forminator_ajax forminator-leads-form\"\n\t\t\t\tmethod=\"post\"\n\t\t\t\tdata-forminator-render=\"0\"\n\t\t\t\tdata-form-id=\"602\"\n\t\t\t\t\n\t\t\t\tdata-design=\"default\"\n\t\t\t\t\n\t\t\t\t\n\t\t\t\t\n\t\t\t\tdata-grid=\"open\"\n\t\t\t\t\n\t\t\t\t\n\t\t\t\tstyle=\"display: none;\"\n\t\t\t\t\n\t\t\t\tdata-uid=\"69e3747ce6dc1\"\n\t\t\t><div role=\"alert\" aria-live=\"polite\" class=\"forminator-response-message forminator-error\" aria-hidden=\"true\"><\/div><div class=\"forminator-row\"><div id=\"html-1\" class=\"forminator-field-html forminator-col forminator-col-12 \"><div class=\"forminator-field forminator-merge-tags\" data-field=\"html-1\"><p>Please provide your contact information to proceed.<\/p><\/div><\/div><\/div><div class=\"forminator-row\"><div id=\"email-1\" class=\"forminator-field-email forminator-col forminator-col-12 \"><div class=\"forminator-field\"><label for=\"forminator-field-email-1_69e3747ce6dc1\" id=\"forminator-field-email-1_69e3747ce6dc1-label\" class=\"forminator-label\">Correo electr\u00f3nico <span class=\"forminator-required\">*<\/span><\/label><input type=\"email\" name=\"email-1\" value=\"\" placeholder=\"Ej . : john@doe.com\" id=\"forminator-field-email-1_69e3747ce6dc1\" class=\"forminator-input forminator-email--field\" data-required=\"true\" aria-required=\"true\" \/><\/div><\/div><\/div><div class=\"forminator-row\"><div id=\"name-1\" class=\"forminator-field-name forminator-col forminator-col-12 \"><div class=\"forminator-field\"><label for=\"forminator-field-name-1_69e3747ce6dc1\" id=\"forminator-field-name-1_69e3747ce6dc1-label\" class=\"forminator-label\">Nombre <span class=\"forminator-required\">*<\/span><\/label><input type=\"text\" name=\"name-1\" value=\"\" placeholder=\"Ejemplo: Juan\" id=\"forminator-field-name-1_69e3747ce6dc1\" class=\"forminator-input forminator-name--field\" aria-required=\"true\" \/><\/div><\/div><\/div><div class=\"forminator-row\"><div id=\"consent-1\" class=\"forminator-field-consent forminator-col forminator-col-12 \"><div class=\"forminator-field\"><label for=\"forminator-field-consent-1_69e3747ce6dc1\" id=\"forminator-field-consent-1_69e3747ce6dc1-label\" class=\"forminator-label\">Consentimiento <span class=\"forminator-required\">*<\/span><\/label><div class=\"forminator-checkbox__wrapper\"><label for=\"forminator-field-consent-1_69e3747ce6dc1\" id=\"forminator-field-consent-1_69e3747ce6dc1__label\" class=\"forminator-checkbox forminator-consent\" style=\"margin: 0;\"><input type=\"checkbox\" name=\"consent-1\" id=\"forminator-field-consent-1_69e3747ce6dc1\" value=\"marcada\" aria-labelledby=\"forminator-field-consent-1_69e3747ce6dc1-label\" aria-describedby=\"forminator-field-consent-1_69e3747ce6dc1__description\" data-required=\"true\" aria-required=\"true\" \/><span class=\"forminator-checkbox-box\" aria-hidden=\"true\"><\/span><\/label><div id=\"forminator-field-consent-1_69e3747ce6dc1__description\" class=\"forminator-checkbox__label forminator-consent__label\">Yes, I agree with the <a href=\"#\" target=\"_blank\">privacy policy<\/a> and <a href=\"#\" target=\"_blank\">terms and conditions<\/a>.<\/div><\/div><\/div><\/div><\/div><input type=\"hidden\" name=\"referer_url\" value=\"\" \/><div class=\"forminator-row forminator-row-last\"><div class=\"forminator-col\"><div class=\"forminator-field\"><button class=\"forminator-button forminator-button-submit\">Enviar<\/button><\/div><\/div><\/div><input type=\"hidden\" id=\"forminator_nonce\" name=\"forminator_nonce\" value=\"056287c282\" \/><input type=\"hidden\" name=\"_wp_http_referer\" value=\"\/index.php\/wp-json\/wp\/v2\/pages\/591\" \/><input type=\"hidden\" name=\"form_id\" value=\"602\"><input type=\"hidden\" name=\"page_id\" value=\"591\"><input type=\"hidden\" name=\"form_type\" value=\"leads\"><input type=\"hidden\" name=\"current_url\" value=\"https:\/\/corioncars.com\/index.php\/elementor-591\/\"><input type=\"hidden\" name=\"render_id\" value=\"0\"><input type=\"hidden\" name=\"lead_quiz\" value=\"603\"><input type=\"hidden\" name=\"action\" value=\"forminator_submit_form_custom-forms\"><\/form><div class=\"forminator-quiz--skip forminator-lead-form-skip\"><button>Saltar y continuar<\/button><\/div><\/div><\/div>\n\t\t\t\t<\/div>\n\t\t\t\t<\/div>\n\t\t\t\t\t<\/div>\n\t\t<\/div>\n\t\t\t\t\t<\/div>\n\t\t<\/section>\n\t\t\t\t<section class=\"elementor-section elementor-top-section elementor-element elementor-element-207af41 elementor-section-height-min-height elementor-section-boxed elementor-section-height-default elementor-section-items-middle\" data-id=\"207af41\" data-element_type=\"section\" data-settings=\"{&quot;background_background&quot;:&quot;classic&quot;}\">\n\t\t\t\t\t\t<div class=\"elementor-container elementor-column-gap-default\">\n\t\t\t\t\t<div class=\"elementor-column elementor-col-100 elementor-top-column elementor-element elementor-element-15f1ead\" data-id=\"15f1ead\" data-element_type=\"column\">\n\t\t\t<div class=\"elementor-widget-wrap elementor-element-populated\">\n\t\t\t\t\t\t<div class=\"elementor-element elementor-element-cd79f2d elementor-widget elementor-widget-spacer\" data-id=\"cd79f2d\" data-element_type=\"widget\" data-widget_type=\"spacer.default\">\n\t\t\t\t<div class=\"elementor-widget-container\">\n\t\t\t\t\t<div class=\"elementor-spacer\">\n\t\t\t<div class=\"elementor-spacer-inner\"><\/div>\n\t\t<\/div>\n\t\t\t\t<\/div>\n\t\t\t\t<\/div>\n\t\t\t\t\t<\/div>\n\t\t<\/div>\n\t\t\t\t\t<\/div>\n\t\t<\/section>\n\t\t\t\t<\/div>\n\t\t","protected":false},"excerpt":{"rendered":"","protected":false},"author":1,"featured_media":0,"parent":0,"menu_order":0,"comment_status":"closed","ping_status":"closed","template":"","meta":{"site-sidebar-layout":"no-sidebar","site-content-layout":"page-builder","ast-global-header-display":"","ast-banner-title-visibility":"","ast-main-header-display":"","ast-hfb-above-header-display":"","ast-hfb-below-header-display":"","ast-hfb-mobile-header-display":"","site-post-title":"disabled","ast-breadcrumbs-content":"","ast-featured-img":"disabled","footer-sml-layout":"","theme-transparent-header-meta":"","adv-header-id-meta":"","stick-header-meta":"","header-above-stick-meta":"","header-main-stick-meta":"","header-below-stick-meta":"","footnotes":""},"aioseo_notices":[],"_links":{"self":[{"href":"https:\/\/corioncars.com\/index.php\/wp-json\/wp\/v2\/pages\/591"}],"collection":[{"href":"https:\/\/corioncars.com\/index.php\/wp-json\/wp\/v2\/pages"}],"about":[{"href":"https:\/\/corioncars.com\/index.php\/wp-json\/wp\/v2\/types\/page"}],"author":[{"embeddable":true,"href":"https:\/\/corioncars.com\/index.php\/wp-json\/wp\/v2\/users\/1"}],"replies":[{"embeddable":true,"href":"https:\/\/corioncars.com\/index.php\/wp-json\/wp\/v2\/comments?post=591"}],"version-history":[{"count":23,"href":"https:\/\/corioncars.com\/index.php\/wp-json\/wp\/v2\/pages\/591\/revisions"}],"predecessor-version":[{"id":810,"href":"https:\/\/corioncars.com\/index.php\/wp-json\/wp\/v2\/pages\/591\/revisions\/810"}],"wp:attachment":[{"href":"https:\/\/corioncars.com\/index.php\/wp-json\/wp\/v2\/media?parent=591"}],"curies":[{"name":"wp","href":"https:\/\/api.w.org\/{rel}","templated":true}]}}